{"id":149,"date":"2025-02-17T11:19:02","date_gmt":"2025-02-17T11:19:02","guid":{"rendered":"https:\/\/relais-villa-valfiore.ms2.decms.eu\/?page_id=149"},"modified":"2025-02-17T11:34:33","modified_gmt":"2025-02-17T11:34:33","slug":"zimmer","status":"publish","type":"page","link":"https:\/\/www.villavalfiore.com\/de\/zimmer\/","title":{"rendered":"Zimmer"},"content":{"rendered":"<p>Die 23 intimen und gem\u00fctlichen Zimmer der Villa Valfiore laden zu einem entspannenden Aufenthalt in der charmanten und exklusiven Eleganz des Relais ein.<br \/>\nDie Zimmer liegen ruhig und sind mit fein gearbeiteten Antik-M\u00f6beln in den Farbschattierungen Grau und Taubengrau eingerichtet.<\/p>\n<p>Egal, ob Sie in der Villa selbst, im anliegenden G\u00e4stehaus oder in der versteckten Dependance untergebracht sind, von \u00fcberall k\u00f6nnen Sie die Vielfalt der Gartenpflanzen genie\u00dfen und den Blick \u00fcber die h\u00fcgelige Landschaft der Umgebung von Bologna schweifen lassen.<\/p>\n<p>Der Gro\u00dfteil der B\u00e4der hat gro\u00dfe Fenster, die auf den Park mit seinen Jahrhunderte alten B\u00e4umen schauen und jedes Zimmer ist bis ins Detail mit raffinierten Dekorationen ausgestattet: mit Leinen und \u00e4gyptischer Baumwolle bezogene Kissen, frische Blumen und Courtesy Set.<\/p>\n<p><span class=\"testo-sottopag\">Die Zimmer zeichnen sich durch verschiedene Farbgebung aus, es verbindet sie jedoch die Farbe Gr\u00fcn: sowohl das Gr\u00fcn, das Sie vor den Fenstern und mit Jasmin bepflanzten Balkons sehen, als auch die \u201egr\u00fcne Energie\u201c.<\/span><\/p>\n<p>Villa Valfiore legt gro\u00dfen Wert auf Umwelt und \u00f6kologische Vertr\u00e4glichkeit: durch eine Solaranlage auf dem Dach wird die Struktur mit Warmwasser versorgt und die Fu\u00dfbodenheizung schafft ein m\u00f6glichst gleichm\u00e4\u00dfiges und angenehmes Mikroklima.<\/p>\n","protected":false},"excerpt":{"rendered":"<p>Die 23 intimen und gem\u00fctlichen Zimmer der Villa Valfiore laden zu einem entspannenden Aufenthalt in der charmanten und exklusiven Eleganz des Relais ein. Die Zimmer liegen ruhig und sind mit fein gearbeiteten Antik-M\u00f6beln in den Farbschattierungen Grau und Taubengrau eingerichtet. Egal, ob Sie in der Villa selbst, im anliegenden G\u00e4stehaus oder in der versteckten Dependance [&hellip;]<\/p>\n","protected":false},"author":12,"featured_media":0,"parent":0,"menu_order":5,"comment_status":"closed","ping_status":"closed","template":"template-rooms.php","meta":{"footnotes":""},"class_list":["post-149","page","type-page","status-publish","hentry"],"yoast_head":"<!-- This site is optimized with the Yoast SEO plugin v27.3 - https:\/\/yoast.com\/product\/yoast-seo-wordpress\/ -->\n<title>Zimmer &#8212; Relais Villa Valfiore<\/title>\n<meta name=\"description\" content=\"Die 23 intimen und gem\u00fctlichen Zimmer der Villa Valfiore laden zu einem entspannenden Aufenthalt in der charmanten und exklusiven Eleganz des Relais ein. Die Zimmer liegen ruhig und sind mit fein gearbeiteten Antik-M\u00f6beln in den Farbschattierungen Grau und Taubengrau eingerichtet.  Egal, ob Sie in der Villa selbst, im anliegenden G\u00e4stehaus oder in der versteckten Dependance untergebracht sind, von \u00fcberall k\u00f6nnen Sie die Vielfalt der Gartenpflanzen genie\u00dfen und den Blick \u00fcber die h\u00fcgelige Landschaft der Umgebung von Bologna schweifen lassen.  Der Gro\u00dfteil der B\u00e4der hat gro\u00dfe Fenster, die auf den Park mit seinen Jahrhunderte alten B\u00e4umen schauen und jedes Zimmer ist bis ins Detail mit raffinierten Dekorationen ausgestattet: mit Leinen und \u00e4gyptischer Baumwolle bezogene Kissen, frische Blumen und Courtesy Set.  Die Zimmer zeichnen sich durch verschiedene Farbgebung aus, es verbindet sie jedoch die Farbe Gr\u00fcn: sowohl das Gr\u00fcn, das Sie vor den Fenstern und mit Jasmin bepflanzten Balkons sehen, als auch die \u201egr\u00fcne Energie\u201c.  Villa Valfiore legt gro\u00dfen Wert auf Umwelt und \u00f6kologische Vertr\u00e4glichkeit: durch eine Solaranlage auf dem Dach wird die Struktur mit Warmwasser versorgt und die Fu\u00dfbodenheizung schafft ein m\u00f6glichst gleichm\u00e4\u00dfiges und angenehmes Mikroklima..\" \/>\n<meta name=\"robots\" content=\"index, follow, max-snippet:-1, max-image-preview:large, max-video-preview:-1\" \/>\n<link rel=\"canonical\" href=\"https:\/\/www.villavalfiore.com\/de\/zimmer\/\" \/>\n<meta property=\"og:locale\" content=\"de_DE\" \/>\n<meta property=\"og:type\" content=\"article\" \/>\n<meta property=\"og:title\" content=\"Zimmer &#8212; Relais Villa Valfiore\" \/>\n<meta property=\"og:description\" content=\"Die 23 intimen und gem\u00fctlichen Zimmer der Villa Valfiore laden zu einem entspannenden Aufenthalt in der charmanten und exklusiven Eleganz des Relais ein. Die Zimmer liegen ruhig und sind mit fein gearbeiteten Antik-M\u00f6beln in den Farbschattierungen Grau und Taubengrau eingerichtet.  Egal, ob Sie in der Villa selbst, im anliegenden G\u00e4stehaus oder in der versteckten Dependance untergebracht sind, von \u00fcberall k\u00f6nnen Sie die Vielfalt der Gartenpflanzen genie\u00dfen und den Blick \u00fcber die h\u00fcgelige Landschaft der Umgebung von Bologna schweifen lassen.  Der Gro\u00dfteil der B\u00e4der hat gro\u00dfe Fenster, die auf den Park mit seinen Jahrhunderte alten B\u00e4umen schauen und jedes Zimmer ist bis ins Detail mit raffinierten Dekorationen ausgestattet: mit Leinen und \u00e4gyptischer Baumwolle bezogene Kissen, frische Blumen und Courtesy Set.  Die Zimmer zeichnen sich durch verschiedene Farbgebung aus, es verbindet sie jedoch die Farbe Gr\u00fcn: sowohl das Gr\u00fcn, das Sie vor den Fenstern und mit Jasmin bepflanzten Balkons sehen, als auch die \u201egr\u00fcne Energie\u201c.  Villa Valfiore legt gro\u00dfen Wert auf Umwelt und \u00f6kologische Vertr\u00e4glichkeit: durch eine Solaranlage auf dem Dach wird die Struktur mit Warmwasser versorgt und die Fu\u00dfbodenheizung schafft ein m\u00f6glichst gleichm\u00e4\u00dfiges und angenehmes Mikroklima..\" \/>\n<meta property=\"og:url\" content=\"https:\/\/www.villavalfiore.com\/de\/zimmer\/\" \/>\n<meta property=\"og:site_name\" content=\"Relais Villa Valfiore\" \/>\n<meta property=\"article:publisher\" content=\"https:\/\/it-it.facebook.com\/pages\/Relais-Villa-Valfiore\/130037933735857\" \/>\n<meta property=\"article:modified_time\" content=\"2025-02-17T11:34:33+00:00\" \/>\n<meta property=\"og:image\" content=\"https:\/\/www.villavalfiore.com\/wp-content\/uploads\/sites\/215\/2025\/03\/VVF-Front-Serasl3.jpg\" \/>\n\t<meta property=\"og:image:width\" content=\"1905\" \/>\n\t<meta property=\"og:image:height\" content=\"945\" \/>\n\t<meta property=\"og:image:type\" content=\"image\/jpeg\" \/>\n<meta name=\"twitter:card\" content=\"summary_large_image\" \/>\n<meta name=\"twitter:label1\" content=\"Gesch\u00e4tzte Lesezeit\" \/>\n\t<meta name=\"twitter:data1\" content=\"1 Minute\" \/>\n<script type=\"application\/ld+json\" class=\"yoast-schema-graph\">{\"@context\":\"https:\\\/\\\/schema.org\",\"@graph\":[{\"@type\":\"WebPage\",\"@id\":\"https:\\\/\\\/www.villavalfiore.com\\\/de\\\/zimmer\\\/\",\"url\":\"https:\\\/\\\/www.villavalfiore.com\\\/de\\\/zimmer\\\/\",\"name\":\"Zimmer &#8212; Relais Villa Valfiore\",\"isPartOf\":{\"@id\":\"https:\\\/\\\/www.villavalfiore.com\\\/de\\\/#website\"},\"datePublished\":\"2025-02-17T11:19:02+00:00\",\"dateModified\":\"2025-02-17T11:34:33+00:00\",\"description\":\"Die 23 intimen und gem\u00fctlichen Zimmer der Villa Valfiore laden zu einem entspannenden Aufenthalt in der charmanten und exklusiven Eleganz des Relais ein. Die Zimmer liegen ruhig und sind mit fein gearbeiteten Antik-M\u00f6beln in den Farbschattierungen Grau und Taubengrau eingerichtet. Egal, ob Sie in der Villa selbst, im anliegenden G\u00e4stehaus oder in der versteckten Dependance untergebracht sind, von \u00fcberall k\u00f6nnen Sie die Vielfalt der Gartenpflanzen genie\u00dfen und den Blick \u00fcber die h\u00fcgelige Landschaft der Umgebung von Bologna schweifen lassen. Der Gro\u00dfteil der B\u00e4der hat gro\u00dfe Fenster, die auf den Park mit seinen Jahrhunderte alten B\u00e4umen schauen und jedes Zimmer ist bis ins Detail mit raffinierten Dekorationen ausgestattet: mit Leinen und \u00e4gyptischer Baumwolle bezogene Kissen, frische Blumen und Courtesy Set. Die Zimmer zeichnen sich durch verschiedene Farbgebung aus, es verbindet sie jedoch die Farbe Gr\u00fcn: sowohl das Gr\u00fcn, das Sie vor den Fenstern und mit Jasmin bepflanzten Balkons sehen, als auch die \u201egr\u00fcne Energie\u201c. Villa Valfiore legt gro\u00dfen Wert auf Umwelt und \u00f6kologische Vertr\u00e4glichkeit: durch eine Solaranlage auf dem Dach wird die Struktur mit Warmwasser versorgt und die Fu\u00dfbodenheizung schafft ein m\u00f6glichst gleichm\u00e4\u00dfiges und angenehmes Mikroklima..\",\"breadcrumb\":{\"@id\":\"https:\\\/\\\/www.villavalfiore.com\\\/de\\\/zimmer\\\/#breadcrumb\"},\"inLanguage\":\"de-DE\",\"potentialAction\":[{\"@type\":\"ReadAction\",\"target\":[\"https:\\\/\\\/www.villavalfiore.com\\\/de\\\/zimmer\\\/\"]}]},{\"@type\":\"BreadcrumbList\",\"@id\":\"https:\\\/\\\/www.villavalfiore.com\\\/de\\\/zimmer\\\/#breadcrumb\",\"itemListElement\":[{\"@type\":\"ListItem\",\"position\":1,\"name\":\"Home\",\"item\":\"https:\\\/\\\/www.villavalfiore.com\\\/de\\\/\"},{\"@type\":\"ListItem\",\"position\":2,\"name\":\"Zimmer\"}]},{\"@type\":\"WebSite\",\"@id\":\"https:\\\/\\\/www.villavalfiore.com\\\/de\\\/#website\",\"url\":\"https:\\\/\\\/www.villavalfiore.com\\\/de\\\/\",\"name\":\"Relais Villa Valfiore\",\"description\":\"Relais Villa Valfiore  in San Lazzaro di Savena (BO) - Book a relais hotel just a few minutes away from the heart of Bologna\",\"publisher\":{\"@id\":\"https:\\\/\\\/www.villavalfiore.com\\\/de\\\/#organization\"},\"alternateName\":\"Villa Valfiore Relais\",\"potentialAction\":[{\"@type\":\"SearchAction\",\"target\":{\"@type\":\"EntryPoint\",\"urlTemplate\":\"https:\\\/\\\/www.villavalfiore.com\\\/de\\\/?s={search_term_string}\"},\"query-input\":{\"@type\":\"PropertyValueSpecification\",\"valueRequired\":true,\"valueName\":\"search_term_string\"}}],\"inLanguage\":\"de-DE\"},{\"@type\":\"Organization\",\"@id\":\"https:\\\/\\\/www.villavalfiore.com\\\/de\\\/#organization\",\"name\":\"Relais Villa Valfiore\",\"alternateName\":\"Relais Villa Valfiore\",\"url\":\"https:\\\/\\\/www.villavalfiore.com\\\/de\\\/\",\"logo\":{\"@type\":\"ImageObject\",\"inLanguage\":\"de-DE\",\"@id\":\"https:\\\/\\\/www.villavalfiore.com\\\/de\\\/#\\\/schema\\\/logo\\\/image\\\/\",\"url\":\"https:\\\/\\\/relais-villa-valfiore.ms2.decms.eu\\\/wp-content\\\/uploads\\\/sites\\\/215\\\/2025\\\/02\\\/logo-chiaro-stelleoro-454x118-1.png\",\"contentUrl\":\"https:\\\/\\\/relais-villa-valfiore.ms2.decms.eu\\\/wp-content\\\/uploads\\\/sites\\\/215\\\/2025\\\/02\\\/logo-chiaro-stelleoro-454x118-1.png\",\"width\":454,\"height\":118,\"caption\":\"Relais Villa Valfiore\"},\"image\":{\"@id\":\"https:\\\/\\\/www.villavalfiore.com\\\/de\\\/#\\\/schema\\\/logo\\\/image\\\/\"},\"sameAs\":[\"https:\\\/\\\/it-it.facebook.com\\\/pages\\\/Relais-Villa-Valfiore\\\/130037933735857\",\"https:\\\/\\\/www.youtube.com\\\/embed\\\/29W4FcimryE\"]}]}<\/script>\n<!-- \/ Yoast SEO plugin. -->","yoast_head_json":{"title":"Zimmer &#8212; Relais Villa Valfiore","description":"Die 23 intimen und gem\u00fctlichen Zimmer der Villa Valfiore laden zu einem entspannenden Aufenthalt in der charmanten und exklusiven Eleganz des Relais ein. Die Zimmer liegen ruhig und sind mit fein gearbeiteten Antik-M\u00f6beln in den Farbschattierungen Grau und Taubengrau eingerichtet.  Egal, ob Sie in der Villa selbst, im anliegenden G\u00e4stehaus oder in der versteckten Dependance untergebracht sind, von \u00fcberall k\u00f6nnen Sie die Vielfalt der Gartenpflanzen genie\u00dfen und den Blick \u00fcber die h\u00fcgelige Landschaft der Umgebung von Bologna schweifen lassen.  Der Gro\u00dfteil der B\u00e4der hat gro\u00dfe Fenster, die auf den Park mit seinen Jahrhunderte alten B\u00e4umen schauen und jedes Zimmer ist bis ins Detail mit raffinierten Dekorationen ausgestattet: mit Leinen und \u00e4gyptischer Baumwolle bezogene Kissen, frische Blumen und Courtesy Set.  Die Zimmer zeichnen sich durch verschiedene Farbgebung aus, es verbindet sie jedoch die Farbe Gr\u00fcn: sowohl das Gr\u00fcn, das Sie vor den Fenstern und mit Jasmin bepflanzten Balkons sehen, als auch die \u201egr\u00fcne Energie\u201c.  Villa Valfiore legt gro\u00dfen Wert auf Umwelt und \u00f6kologische Vertr\u00e4glichkeit: durch eine Solaranlage auf dem Dach wird die Struktur mit Warmwasser versorgt und die Fu\u00dfbodenheizung schafft ein m\u00f6glichst gleichm\u00e4\u00dfiges und angenehmes Mikroklima..","robots":{"index":"index","follow":"follow","max-snippet":"max-snippet:-1","max-image-preview":"max-image-preview:large","max-video-preview":"max-video-preview:-1"},"canonical":"https:\/\/www.villavalfiore.com\/de\/zimmer\/","og_locale":"de_DE","og_type":"article","og_title":"Zimmer &#8212; Relais Villa Valfiore","og_description":"Die 23 intimen und gem\u00fctlichen Zimmer der Villa Valfiore laden zu einem entspannenden Aufenthalt in der charmanten und exklusiven Eleganz des Relais ein. Die Zimmer liegen ruhig und sind mit fein gearbeiteten Antik-M\u00f6beln in den Farbschattierungen Grau und Taubengrau eingerichtet.  Egal, ob Sie in der Villa selbst, im anliegenden G\u00e4stehaus oder in der versteckten Dependance untergebracht sind, von \u00fcberall k\u00f6nnen Sie die Vielfalt der Gartenpflanzen genie\u00dfen und den Blick \u00fcber die h\u00fcgelige Landschaft der Umgebung von Bologna schweifen lassen.  Der Gro\u00dfteil der B\u00e4der hat gro\u00dfe Fenster, die auf den Park mit seinen Jahrhunderte alten B\u00e4umen schauen und jedes Zimmer ist bis ins Detail mit raffinierten Dekorationen ausgestattet: mit Leinen und \u00e4gyptischer Baumwolle bezogene Kissen, frische Blumen und Courtesy Set.  Die Zimmer zeichnen sich durch verschiedene Farbgebung aus, es verbindet sie jedoch die Farbe Gr\u00fcn: sowohl das Gr\u00fcn, das Sie vor den Fenstern und mit Jasmin bepflanzten Balkons sehen, als auch die \u201egr\u00fcne Energie\u201c.  Villa Valfiore legt gro\u00dfen Wert auf Umwelt und \u00f6kologische Vertr\u00e4glichkeit: durch eine Solaranlage auf dem Dach wird die Struktur mit Warmwasser versorgt und die Fu\u00dfbodenheizung schafft ein m\u00f6glichst gleichm\u00e4\u00dfiges und angenehmes Mikroklima..","og_url":"https:\/\/www.villavalfiore.com\/de\/zimmer\/","og_site_name":"Relais Villa Valfiore","article_publisher":"https:\/\/it-it.facebook.com\/pages\/Relais-Villa-Valfiore\/130037933735857","article_modified_time":"2025-02-17T11:34:33+00:00","og_image":[{"width":1905,"height":945,"url":"https:\/\/www.villavalfiore.com\/wp-content\/uploads\/sites\/215\/2025\/03\/VVF-Front-Serasl3.jpg","type":"image\/jpeg"}],"twitter_card":"summary_large_image","twitter_misc":{"Gesch\u00e4tzte Lesezeit":"1 Minute"},"schema":{"@context":"https:\/\/schema.org","@graph":[{"@type":"WebPage","@id":"https:\/\/www.villavalfiore.com\/de\/zimmer\/","url":"https:\/\/www.villavalfiore.com\/de\/zimmer\/","name":"Zimmer &#8212; Relais Villa Valfiore","isPartOf":{"@id":"https:\/\/www.villavalfiore.com\/de\/#website"},"datePublished":"2025-02-17T11:19:02+00:00","dateModified":"2025-02-17T11:34:33+00:00","description":"Die 23 intimen und gem\u00fctlichen Zimmer der Villa Valfiore laden zu einem entspannenden Aufenthalt in der charmanten und exklusiven Eleganz des Relais ein. Die Zimmer liegen ruhig und sind mit fein gearbeiteten Antik-M\u00f6beln in den Farbschattierungen Grau und Taubengrau eingerichtet. Egal, ob Sie in der Villa selbst, im anliegenden G\u00e4stehaus oder in der versteckten Dependance untergebracht sind, von \u00fcberall k\u00f6nnen Sie die Vielfalt der Gartenpflanzen genie\u00dfen und den Blick \u00fcber die h\u00fcgelige Landschaft der Umgebung von Bologna schweifen lassen. Der Gro\u00dfteil der B\u00e4der hat gro\u00dfe Fenster, die auf den Park mit seinen Jahrhunderte alten B\u00e4umen schauen und jedes Zimmer ist bis ins Detail mit raffinierten Dekorationen ausgestattet: mit Leinen und \u00e4gyptischer Baumwolle bezogene Kissen, frische Blumen und Courtesy Set. Die Zimmer zeichnen sich durch verschiedene Farbgebung aus, es verbindet sie jedoch die Farbe Gr\u00fcn: sowohl das Gr\u00fcn, das Sie vor den Fenstern und mit Jasmin bepflanzten Balkons sehen, als auch die \u201egr\u00fcne Energie\u201c. Villa Valfiore legt gro\u00dfen Wert auf Umwelt und \u00f6kologische Vertr\u00e4glichkeit: durch eine Solaranlage auf dem Dach wird die Struktur mit Warmwasser versorgt und die Fu\u00dfbodenheizung schafft ein m\u00f6glichst gleichm\u00e4\u00dfiges und angenehmes Mikroklima..","breadcrumb":{"@id":"https:\/\/www.villavalfiore.com\/de\/zimmer\/#breadcrumb"},"inLanguage":"de-DE","potentialAction":[{"@type":"ReadAction","target":["https:\/\/www.villavalfiore.com\/de\/zimmer\/"]}]},{"@type":"BreadcrumbList","@id":"https:\/\/www.villavalfiore.com\/de\/zimmer\/#breadcrumb","itemListElement":[{"@type":"ListItem","position":1,"name":"Home","item":"https:\/\/www.villavalfiore.com\/de\/"},{"@type":"ListItem","position":2,"name":"Zimmer"}]},{"@type":"WebSite","@id":"https:\/\/www.villavalfiore.com\/de\/#website","url":"https:\/\/www.villavalfiore.com\/de\/","name":"Relais Villa Valfiore","description":"Relais Villa Valfiore  in San Lazzaro di Savena (BO) - Book a relais hotel just a few minutes away from the heart of Bologna","publisher":{"@id":"https:\/\/www.villavalfiore.com\/de\/#organization"},"alternateName":"Villa Valfiore Relais","potentialAction":[{"@type":"SearchAction","target":{"@type":"EntryPoint","urlTemplate":"https:\/\/www.villavalfiore.com\/de\/?s={search_term_string}"},"query-input":{"@type":"PropertyValueSpecification","valueRequired":true,"valueName":"search_term_string"}}],"inLanguage":"de-DE"},{"@type":"Organization","@id":"https:\/\/www.villavalfiore.com\/de\/#organization","name":"Relais Villa Valfiore","alternateName":"Relais Villa Valfiore","url":"https:\/\/www.villavalfiore.com\/de\/","logo":{"@type":"ImageObject","inLanguage":"de-DE","@id":"https:\/\/www.villavalfiore.com\/de\/#\/schema\/logo\/image\/","url":"https:\/\/relais-villa-valfiore.ms2.decms.eu\/wp-content\/uploads\/sites\/215\/2025\/02\/logo-chiaro-stelleoro-454x118-1.png","contentUrl":"https:\/\/relais-villa-valfiore.ms2.decms.eu\/wp-content\/uploads\/sites\/215\/2025\/02\/logo-chiaro-stelleoro-454x118-1.png","width":454,"height":118,"caption":"Relais Villa Valfiore"},"image":{"@id":"https:\/\/www.villavalfiore.com\/de\/#\/schema\/logo\/image\/"},"sameAs":["https:\/\/it-it.facebook.com\/pages\/Relais-Villa-Valfiore\/130037933735857","https:\/\/www.youtube.com\/embed\/29W4FcimryE"]}]}},"acf":[],"_links":{"self":[{"href":"https:\/\/www.villavalfiore.com\/de\/wp-json\/wp\/v2\/pages\/149","targetHints":{"allow":["GET"]}}],"collection":[{"href":"https:\/\/www.villavalfiore.com\/de\/wp-json\/wp\/v2\/pages"}],"about":[{"href":"https:\/\/www.villavalfiore.com\/de\/wp-json\/wp\/v2\/types\/page"}],"author":[{"embeddable":true,"href":"https:\/\/www.villavalfiore.com\/de\/wp-json\/wp\/v2\/users\/12"}],"replies":[{"embeddable":true,"href":"https:\/\/www.villavalfiore.com\/de\/wp-json\/wp\/v2\/comments?post=149"}],"version-history":[{"count":0,"href":"https:\/\/www.villavalfiore.com\/de\/wp-json\/wp\/v2\/pages\/149\/revisions"}],"wp:attachment":[{"href":"https:\/\/www.villavalfiore.com\/de\/wp-json\/wp\/v2\/media?parent=149"}],"curies":[{"name":"wp","href":"https:\/\/api.w.org\/{rel}","templated":true}]}}