{"id":152,"date":"2025-02-17T11:45:41","date_gmt":"2025-02-17T11:45:41","guid":{"rendered":"https:\/\/relais-villa-valfiore.ms2.decms.eu\/?page_id=152"},"modified":"2025-06-16T14:20:53","modified_gmt":"2025-06-16T14:20:53","slug":"einzelzimmer","status":"publish","type":"page","link":"https:\/\/www.villavalfiore.com\/de\/zimmer\/einzelzimmer\/","title":{"rendered":"Einzelzimmer"},"content":{"rendered":"<p style=\"text-align: center;\">Klimatisiertes Zimmer mit Blick auf den jahrhundertealten Park der Villa, franz\u00f6sisches Bett.<\/p>\n<p style=\"text-align: center;\">Die Qualit\u00e4t und der Luxus, die das Hotel auszeichnen, finden sich auch in dieser Zimmerkategorie wieder. Ihnen stehen ein weiches Handtuchset, \u00e4gyptische Baumwolle f\u00fcr Erholung und Wohlbefinden sowie hochwertige Pflegeprodukte mit Oliven\u00f6l zur Verf\u00fcgung.<\/p>\n","protected":false},"excerpt":{"rendered":"<p>Klimatisiertes Zimmer mit Blick auf den jahrhundertealten Park der Villa, franz\u00f6sisches Bett. Die Qualit\u00e4t und der Luxus, die das Hotel auszeichnen, finden sich auch in dieser Zimmerkategorie wieder. Ihnen stehen ein weiches Handtuchset, \u00e4gyptische Baumwolle f\u00fcr Erholung und Wohlbefinden sowie hochwertige Pflegeprodukte mit Oliven\u00f6l zur Verf\u00fcgung.<\/p>\n","protected":false},"author":12,"featured_media":0,"parent":149,"menu_order":7,"comment_status":"closed","ping_status":"closed","template":"template-single-room.php","meta":{"footnotes":""},"yoast_head":"<!-- This site is optimized with the Yoast SEO plugin v22.3 - https:\/\/yoast.com\/wordpress\/plugins\/seo\/ -->\n<title>Einzelzimmer &#8212; Relais Villa Valfiore<\/title>\n<meta name=\"description\" content=\"Klimatisiertes Zimmer mit Blick auf den jahrhundertealten Park der Villa, franz\u00f6sisches Bett. Die Qualit\u00e4t und der Luxus, die das Hotel auszeichnen, finden sich auch in dieser Zimmerkategorie wieder. Ihnen stehen ein weiches Handtuchset, \u00e4gyptische Baumwolle f\u00fcr Erholung und Wohlbefinden sowie hochwertige Pflegeprodukte mit Oliven\u00f6l zur Verf\u00fcgung.\" \/>\n<meta name=\"robots\" content=\"index, follow, max-snippet:-1, max-image-preview:large, max-video-preview:-1\" \/>\n<link rel=\"canonical\" href=\"https:\/\/www.villavalfiore.com\/de\/zimmer\/einzelzimmer\/\" \/>\n<meta property=\"og:locale\" content=\"de_DE\" \/>\n<meta property=\"og:type\" content=\"article\" \/>\n<meta property=\"og:title\" content=\"Einzelzimmer &#8212; Relais Villa Valfiore\" \/>\n<meta property=\"og:description\" content=\"Klimatisiertes Zimmer mit Blick auf den jahrhundertealten Park der Villa, franz\u00f6sisches Bett. Die Qualit\u00e4t und der Luxus, die das Hotel auszeichnen, finden sich auch in dieser Zimmerkategorie wieder. Ihnen stehen ein weiches Handtuchset, \u00e4gyptische Baumwolle f\u00fcr Erholung und Wohlbefinden sowie hochwertige Pflegeprodukte mit Oliven\u00f6l zur Verf\u00fcgung.\" \/>\n<meta property=\"og:url\" content=\"https:\/\/www.villavalfiore.com\/de\/zimmer\/einzelzimmer\/\" \/>\n<meta property=\"og:site_name\" content=\"Relais Villa Valfiore\" \/>\n<meta property=\"article:publisher\" content=\"https:\/\/it-it.facebook.com\/pages\/Relais-Villa-Valfiore\/130037933735857\" \/>\n<meta property=\"article:modified_time\" content=\"2025-06-16T14:20:53+00:00\" \/>\n<meta property=\"og:image\" content=\"https:\/\/www.villavalfiore.com\/wp-content\/uploads\/sites\/215\/2025\/03\/VVF-Front-Serasl3.jpg\" \/>\n\t<meta property=\"og:image:width\" content=\"1905\" \/>\n\t<meta property=\"og:image:height\" content=\"945\" \/>\n\t<meta property=\"og:image:type\" content=\"image\/jpeg\" \/>\n<meta name=\"twitter:card\" content=\"summary_large_image\" \/>\n<meta name=\"twitter:label1\" content=\"Gesch\u00e4tzte Lesezeit\" \/>\n\t<meta name=\"twitter:data1\" content=\"1 Minute\" \/>\n<script type=\"application\/ld+json\" class=\"yoast-schema-graph\">{\"@context\":\"https:\/\/schema.org\",\"@graph\":[{\"@type\":\"WebPage\",\"@id\":\"https:\/\/www.villavalfiore.com\/de\/zimmer\/einzelzimmer\/\",\"url\":\"https:\/\/www.villavalfiore.com\/de\/zimmer\/einzelzimmer\/\",\"name\":\"Einzelzimmer &#8212; Relais Villa Valfiore\",\"isPartOf\":{\"@id\":\"https:\/\/www.villavalfiore.com\/de\/#website\"},\"datePublished\":\"2025-02-17T11:45:41+00:00\",\"dateModified\":\"2025-06-16T14:20:53+00:00\",\"description\":\"Klimatisiertes Zimmer mit Blick auf den jahrhundertealten Park der Villa, franz\u00f6sisches Bett. Die Qualit\u00e4t und der Luxus, die das Hotel auszeichnen, finden sich auch in dieser Zimmerkategorie wieder. Ihnen stehen ein weiches Handtuchset, \u00e4gyptische Baumwolle f\u00fcr Erholung und Wohlbefinden sowie hochwertige Pflegeprodukte mit Oliven\u00f6l zur Verf\u00fcgung.\",\"breadcrumb\":{\"@id\":\"https:\/\/www.villavalfiore.com\/de\/zimmer\/einzelzimmer\/#breadcrumb\"},\"inLanguage\":\"de-DE\",\"potentialAction\":[{\"@type\":\"ReadAction\",\"target\":[\"https:\/\/www.villavalfiore.com\/de\/zimmer\/einzelzimmer\/\"]}]},{\"@type\":\"BreadcrumbList\",\"@id\":\"https:\/\/www.villavalfiore.com\/de\/zimmer\/einzelzimmer\/#breadcrumb\",\"itemListElement\":[{\"@type\":\"ListItem\",\"position\":1,\"name\":\"Home\",\"item\":\"https:\/\/www.villavalfiore.com\/de\/\"},{\"@type\":\"ListItem\",\"position\":2,\"name\":\"Zimmer\",\"item\":\"https:\/\/www.villavalfiore.com\/de\/zimmer\/\"},{\"@type\":\"ListItem\",\"position\":3,\"name\":\"Einzelzimmer\"}]},{\"@type\":\"WebSite\",\"@id\":\"https:\/\/www.villavalfiore.com\/de\/#website\",\"url\":\"https:\/\/www.villavalfiore.com\/de\/\",\"name\":\"Relais Villa Valfiore\",\"description\":\"Relais Villa Valfiore  in San Lazzaro di Savena (BO) - Book a relais hotel just a few minutes away from the heart of Bologna\",\"publisher\":{\"@id\":\"https:\/\/www.villavalfiore.com\/de\/#organization\"},\"alternateName\":\"Villa Valfiore Relais\",\"potentialAction\":[{\"@type\":\"SearchAction\",\"target\":{\"@type\":\"EntryPoint\",\"urlTemplate\":\"https:\/\/www.villavalfiore.com\/de\/?s={search_term_string}\"},\"query-input\":\"required name=search_term_string\"}],\"inLanguage\":\"de-DE\"},{\"@type\":\"Organization\",\"@id\":\"https:\/\/www.villavalfiore.com\/de\/#organization\",\"name\":\"Relais Villa Valfiore\",\"alternateName\":\"Relais Villa Valfiore\",\"url\":\"https:\/\/www.villavalfiore.com\/de\/\",\"logo\":{\"@type\":\"ImageObject\",\"inLanguage\":\"de-DE\",\"@id\":\"https:\/\/www.villavalfiore.com\/de\/#\/schema\/logo\/image\/\",\"url\":\"https:\/\/relais-villa-valfiore.ms2.decms.eu\/wp-content\/uploads\/sites\/215\/2025\/02\/logo-chiaro-stelleoro-454x118-1.png\",\"contentUrl\":\"https:\/\/relais-villa-valfiore.ms2.decms.eu\/wp-content\/uploads\/sites\/215\/2025\/02\/logo-chiaro-stelleoro-454x118-1.png\",\"width\":454,\"height\":118,\"caption\":\"Relais Villa Valfiore\"},\"image\":{\"@id\":\"https:\/\/www.villavalfiore.com\/de\/#\/schema\/logo\/image\/\"},\"sameAs\":[\"https:\/\/it-it.facebook.com\/pages\/Relais-Villa-Valfiore\/130037933735857\",\"https:\/\/www.youtube.com\/embed\/29W4FcimryE\"]}]}<\/script>\n<!-- \/ Yoast SEO plugin. -->","yoast_head_json":{"title":"Einzelzimmer &#8212; Relais Villa Valfiore","description":"Klimatisiertes Zimmer mit Blick auf den jahrhundertealten Park der Villa, franz\u00f6sisches Bett. Die Qualit\u00e4t und der Luxus, die das Hotel auszeichnen, finden sich auch in dieser Zimmerkategorie wieder. Ihnen stehen ein weiches Handtuchset, \u00e4gyptische Baumwolle f\u00fcr Erholung und Wohlbefinden sowie hochwertige Pflegeprodukte mit Oliven\u00f6l zur Verf\u00fcgung.","robots":{"index":"index","follow":"follow","max-snippet":"max-snippet:-1","max-image-preview":"max-image-preview:large","max-video-preview":"max-video-preview:-1"},"canonical":"https:\/\/www.villavalfiore.com\/de\/zimmer\/einzelzimmer\/","og_locale":"de_DE","og_type":"article","og_title":"Einzelzimmer &#8212; Relais Villa Valfiore","og_description":"Klimatisiertes Zimmer mit Blick auf den jahrhundertealten Park der Villa, franz\u00f6sisches Bett. Die Qualit\u00e4t und der Luxus, die das Hotel auszeichnen, finden sich auch in dieser Zimmerkategorie wieder. Ihnen stehen ein weiches Handtuchset, \u00e4gyptische Baumwolle f\u00fcr Erholung und Wohlbefinden sowie hochwertige Pflegeprodukte mit Oliven\u00f6l zur Verf\u00fcgung.","og_url":"https:\/\/www.villavalfiore.com\/de\/zimmer\/einzelzimmer\/","og_site_name":"Relais Villa Valfiore","article_publisher":"https:\/\/it-it.facebook.com\/pages\/Relais-Villa-Valfiore\/130037933735857","article_modified_time":"2025-06-16T14:20:53+00:00","og_image":[{"width":1905,"height":945,"url":"https:\/\/www.villavalfiore.com\/wp-content\/uploads\/sites\/215\/2025\/03\/VVF-Front-Serasl3.jpg","type":"image\/jpeg"}],"twitter_card":"summary_large_image","twitter_misc":{"Gesch\u00e4tzte Lesezeit":"1 Minute"},"schema":{"@context":"https:\/\/schema.org","@graph":[{"@type":"WebPage","@id":"https:\/\/www.villavalfiore.com\/de\/zimmer\/einzelzimmer\/","url":"https:\/\/www.villavalfiore.com\/de\/zimmer\/einzelzimmer\/","name":"Einzelzimmer &#8212; Relais Villa Valfiore","isPartOf":{"@id":"https:\/\/www.villavalfiore.com\/de\/#website"},"datePublished":"2025-02-17T11:45:41+00:00","dateModified":"2025-06-16T14:20:53+00:00","description":"Klimatisiertes Zimmer mit Blick auf den jahrhundertealten Park der Villa, franz\u00f6sisches Bett. Die Qualit\u00e4t und der Luxus, die das Hotel auszeichnen, finden sich auch in dieser Zimmerkategorie wieder. Ihnen stehen ein weiches Handtuchset, \u00e4gyptische Baumwolle f\u00fcr Erholung und Wohlbefinden sowie hochwertige Pflegeprodukte mit Oliven\u00f6l zur Verf\u00fcgung.","breadcrumb":{"@id":"https:\/\/www.villavalfiore.com\/de\/zimmer\/einzelzimmer\/#breadcrumb"},"inLanguage":"de-DE","potentialAction":[{"@type":"ReadAction","target":["https:\/\/www.villavalfiore.com\/de\/zimmer\/einzelzimmer\/"]}]},{"@type":"BreadcrumbList","@id":"https:\/\/www.villavalfiore.com\/de\/zimmer\/einzelzimmer\/#breadcrumb","itemListElement":[{"@type":"ListItem","position":1,"name":"Home","item":"https:\/\/www.villavalfiore.com\/de\/"},{"@type":"ListItem","position":2,"name":"Zimmer","item":"https:\/\/www.villavalfiore.com\/de\/zimmer\/"},{"@type":"ListItem","position":3,"name":"Einzelzimmer"}]},{"@type":"WebSite","@id":"https:\/\/www.villavalfiore.com\/de\/#website","url":"https:\/\/www.villavalfiore.com\/de\/","name":"Relais Villa Valfiore","description":"Relais Villa Valfiore  in San Lazzaro di Savena (BO) - Book a relais hotel just a few minutes away from the heart of Bologna","publisher":{"@id":"https:\/\/www.villavalfiore.com\/de\/#organization"},"alternateName":"Villa Valfiore Relais","potentialAction":[{"@type":"SearchAction","target":{"@type":"EntryPoint","urlTemplate":"https:\/\/www.villavalfiore.com\/de\/?s={search_term_string}"},"query-input":"required name=search_term_string"}],"inLanguage":"de-DE"},{"@type":"Organization","@id":"https:\/\/www.villavalfiore.com\/de\/#organization","name":"Relais Villa Valfiore","alternateName":"Relais Villa Valfiore","url":"https:\/\/www.villavalfiore.com\/de\/","logo":{"@type":"ImageObject","inLanguage":"de-DE","@id":"https:\/\/www.villavalfiore.com\/de\/#\/schema\/logo\/image\/","url":"https:\/\/relais-villa-valfiore.ms2.decms.eu\/wp-content\/uploads\/sites\/215\/2025\/02\/logo-chiaro-stelleoro-454x118-1.png","contentUrl":"https:\/\/relais-villa-valfiore.ms2.decms.eu\/wp-content\/uploads\/sites\/215\/2025\/02\/logo-chiaro-stelleoro-454x118-1.png","width":454,"height":118,"caption":"Relais Villa Valfiore"},"image":{"@id":"https:\/\/www.villavalfiore.com\/de\/#\/schema\/logo\/image\/"},"sameAs":["https:\/\/it-it.facebook.com\/pages\/Relais-Villa-Valfiore\/130037933735857","https:\/\/www.youtube.com\/embed\/29W4FcimryE"]}]}},"acf":[],"_links":{"self":[{"href":"https:\/\/www.villavalfiore.com\/de\/wp-json\/wp\/v2\/pages\/152"}],"collection":[{"href":"https:\/\/www.villavalfiore.com\/de\/wp-json\/wp\/v2\/pages"}],"about":[{"href":"https:\/\/www.villavalfiore.com\/de\/wp-json\/wp\/v2\/types\/page"}],"author":[{"embeddable":true,"href":"https:\/\/www.villavalfiore.com\/de\/wp-json\/wp\/v2\/users\/12"}],"replies":[{"embeddable":true,"href":"https:\/\/www.villavalfiore.com\/de\/wp-json\/wp\/v2\/comments?post=152"}],"version-history":[{"count":0,"href":"https:\/\/www.villavalfiore.com\/de\/wp-json\/wp\/v2\/pages\/152\/revisions"}],"up":[{"embeddable":true,"href":"https:\/\/www.villavalfiore.com\/de\/wp-json\/wp\/v2\/pages\/149"}],"wp:attachment":[{"href":"https:\/\/www.villavalfiore.com\/de\/wp-json\/wp\/v2\/media?parent=152"}],"curies":[{"name":"wp","href":"https:\/\/api.w.org\/{rel}","templated":true}]}}