{"id":523,"date":"2025-02-17T11:17:23","date_gmt":"2025-02-17T11:17:23","guid":{"rendered":"https:\/\/relais-villa-valfiore.ms2.decms.eu\/benvenuti-relais-villa-valfiore\/"},"modified":"2025-06-13T13:29:46","modified_gmt":"2025-06-13T13:29:46","slug":"benvenuti-relais-villa-valfiore","status":"publish","type":"page","link":"https:\/\/www.villavalfiore.com\/de\/","title":{"rendered":"Willkommen im Relais Villa Valfiore"},"content":{"rendered":"<p>Hier entsteht Villa Valfiore, eine Residenz in einem Jahrhunderte alten Park und einer landschaftlich sch\u00f6nen Ruhelage, zugleich aber am Rande der mittelalterlichen Stadt Bologna mit ihren strategischen Infrastrukturen wie z.B. dem Messegel\u00e4nde und dem Flughafen.<\/p>\n<p>Die Residenz ist komplett renoviert, hat aber ihr urspr\u00fcngliches Aussehen beibehalten.<\/p>\n<p>Bei der Renovierung wurde Wert auf jedes Detail gelegt, auf die harmonische Abstimmung der Materialien und Ausstattung, angefangen von den Fu\u00dfb\u00f6den \u00fcber die Beleuchtung bis hin zur Auswahl der Farben der Stoffe.<\/p>\n<p>Vom gro\u00dfen unterirdischen Parkplatz gelangt man direkt zur Villa und den anderen Strukturen, sodass die Sch\u00f6nheit des mediterranen Gartens nicht beeintr\u00e4chtigt wird. Der Duft von getrocknetem Lavendel in den Vasen auf jedem Stockwerk verbreitet sich auch angenehm im Wellness-Bereich, im Konferenzraum, im Restaurant (das auch f\u00fcr G\u00e4ste, die nicht im Hotel untergebracht sind, ge\u00f6ffnet ist) und bis hinauf in die Zimmer.<\/p>\n","protected":false},"excerpt":{"rendered":"<p>Hier entsteht Villa Valfiore, eine Residenz in einem Jahrhunderte alten Park und einer landschaftlich sch\u00f6nen Ruhelage, zugleich aber am Rande der mittelalterlichen Stadt Bologna mit ihren strategischen Infrastrukturen wie z.B. dem Messegel\u00e4nde und dem Flughafen. Die Residenz ist komplett renoviert, hat aber ihr urspr\u00fcngliches Aussehen beibehalten. Bei der Renovierung wurde Wert auf jedes Detail gelegt, [&hellip;]<\/p>\n","protected":false},"author":12,"featured_media":0,"parent":0,"menu_order":0,"comment_status":"closed","ping_status":"closed","template":"","meta":{"footnotes":""},"class_list":["post-523","page","type-page","status-publish","hentry"],"yoast_head":"<!-- This site is optimized with the Yoast SEO plugin v27.3 - https:\/\/yoast.com\/product\/yoast-seo-wordpress\/ -->\n<title>Willkommen im Relais Villa Valfiore &#8212; Relais Villa Valfiore<\/title>\n<meta name=\"description\" content=\"Hier entsteht Villa Valfiore, eine Residenz in einem Jahrhunderte alten Park und einer landschaftlich sch\u00f6nen Ruhelage, zugleich aber am Rande der mittelalterlichen Stadt Bologna mit ihren strategischen Infrastrukturen wie z.B. dem Messegel\u00e4nde und dem Flughafen.  Die Residenz ist komplett renoviert, hat aber ihr urspr\u00fcngliches Aussehen beibehalten.  Bei der Renovierung wurde Wert auf jedes Detail gelegt, auf die harmonische Abstimmung der Materialien und Ausstattung, angefangen von den Fu\u00dfb\u00f6den \u00fcber die Beleuchtung bis hin zur Auswahl der Farben der Stoffe.  Vom gro\u00dfen unterirdischen Parkplatz gelangt man direkt zur Villa und den anderen Strukturen, sodass die Sch\u00f6nheit des mediterranen Gartens nicht beeintr\u00e4chtigt wird\" \/>\n<meta name=\"robots\" content=\"index, follow, max-snippet:-1, max-image-preview:large, max-video-preview:-1\" \/>\n<link rel=\"canonical\" href=\"https:\/\/www.villavalfiore.com\/de\/\" \/>\n<meta property=\"og:locale\" content=\"de_DE\" \/>\n<meta property=\"og:type\" content=\"article\" \/>\n<meta property=\"og:title\" content=\"Willkommen im Relais Villa Valfiore &#8212; Relais Villa Valfiore\" \/>\n<meta property=\"og:description\" content=\"Hier entsteht Villa Valfiore, eine Residenz in einem Jahrhunderte alten Park und einer landschaftlich sch\u00f6nen Ruhelage, zugleich aber am Rande der mittelalterlichen Stadt Bologna mit ihren strategischen Infrastrukturen wie z.B. dem Messegel\u00e4nde und dem Flughafen.  Die Residenz ist komplett renoviert, hat aber ihr urspr\u00fcngliches Aussehen beibehalten.  Bei der Renovierung wurde Wert auf jedes Detail gelegt, auf die harmonische Abstimmung der Materialien und Ausstattung, angefangen von den Fu\u00dfb\u00f6den \u00fcber die Beleuchtung bis hin zur Auswahl der Farben der Stoffe.  Vom gro\u00dfen unterirdischen Parkplatz gelangt man direkt zur Villa und den anderen Strukturen, sodass die Sch\u00f6nheit des mediterranen Gartens nicht beeintr\u00e4chtigt wird\" \/>\n<meta property=\"og:url\" content=\"https:\/\/www.villavalfiore.com\/de\/\" \/>\n<meta property=\"og:site_name\" content=\"Relais Villa Valfiore\" \/>\n<meta property=\"article:publisher\" content=\"https:\/\/it-it.facebook.com\/pages\/Relais-Villa-Valfiore\/130037933735857\" \/>\n<meta property=\"article:modified_time\" content=\"2025-06-13T13:29:46+00:00\" \/>\n<meta property=\"og:image\" content=\"https:\/\/www.villavalfiore.com\/wp-content\/uploads\/sites\/215\/2025\/03\/VVF-Front-Serasl3.jpg\" \/>\n\t<meta property=\"og:image:width\" content=\"1905\" \/>\n\t<meta property=\"og:image:height\" content=\"945\" \/>\n\t<meta property=\"og:image:type\" content=\"image\/jpeg\" \/>\n<meta name=\"twitter:card\" content=\"summary_large_image\" \/>\n<meta name=\"twitter:label1\" content=\"Gesch\u00e4tzte Lesezeit\" \/>\n\t<meta name=\"twitter:data1\" content=\"1 Minute\" \/>\n<script type=\"application\/ld+json\" class=\"yoast-schema-graph\">{\"@context\":\"https:\\\/\\\/schema.org\",\"@graph\":[{\"@type\":\"WebPage\",\"@id\":\"https:\\\/\\\/www.villavalfiore.com\\\/de\\\/\",\"url\":\"https:\\\/\\\/www.villavalfiore.com\\\/de\\\/\",\"name\":\"Willkommen im Relais Villa Valfiore &#8212; Relais Villa Valfiore\",\"isPartOf\":{\"@id\":\"https:\\\/\\\/www.villavalfiore.com\\\/de\\\/#website\"},\"datePublished\":\"2025-02-17T11:17:23+00:00\",\"dateModified\":\"2025-06-13T13:29:46+00:00\",\"description\":\"Hier entsteht Villa Valfiore, eine Residenz in einem Jahrhunderte alten Park und einer landschaftlich sch\u00f6nen Ruhelage, zugleich aber am Rande der mittelalterlichen Stadt Bologna mit ihren strategischen Infrastrukturen wie z.B. dem Messegel\u00e4nde und dem Flughafen. Die Residenz ist komplett renoviert, hat aber ihr urspr\u00fcngliches Aussehen beibehalten. Bei der Renovierung wurde Wert auf jedes Detail gelegt, auf die harmonische Abstimmung der Materialien und Ausstattung, angefangen von den Fu\u00dfb\u00f6den \u00fcber die Beleuchtung bis hin zur Auswahl der Farben der Stoffe. Vom gro\u00dfen unterirdischen Parkplatz gelangt man direkt zur Villa und den anderen Strukturen, sodass die Sch\u00f6nheit des mediterranen Gartens nicht beeintr\u00e4chtigt wird\",\"breadcrumb\":{\"@id\":\"https:\\\/\\\/www.villavalfiore.com\\\/de\\\/#breadcrumb\"},\"inLanguage\":\"de-DE\",\"potentialAction\":[{\"@type\":\"ReadAction\",\"target\":[\"https:\\\/\\\/www.villavalfiore.com\\\/de\\\/\"]}]},{\"@type\":\"BreadcrumbList\",\"@id\":\"https:\\\/\\\/www.villavalfiore.com\\\/de\\\/#breadcrumb\",\"itemListElement\":[{\"@type\":\"ListItem\",\"position\":1,\"name\":\"Home\",\"item\":\"https:\\\/\\\/www.villavalfiore.com\\\/de\\\/\"},{\"@type\":\"ListItem\",\"position\":2,\"name\":\"Willkommen im Relais Villa Valfiore\"}]},{\"@type\":\"WebSite\",\"@id\":\"https:\\\/\\\/www.villavalfiore.com\\\/de\\\/#website\",\"url\":\"https:\\\/\\\/www.villavalfiore.com\\\/de\\\/\",\"name\":\"Relais Villa Valfiore\",\"description\":\"Relais Villa Valfiore  in San Lazzaro di Savena (BO) - Book a relais hotel just a few minutes away from the heart of Bologna\",\"publisher\":{\"@id\":\"https:\\\/\\\/www.villavalfiore.com\\\/de\\\/#organization\"},\"alternateName\":\"Villa Valfiore Relais\",\"potentialAction\":[{\"@type\":\"SearchAction\",\"target\":{\"@type\":\"EntryPoint\",\"urlTemplate\":\"https:\\\/\\\/www.villavalfiore.com\\\/de\\\/?s={search_term_string}\"},\"query-input\":{\"@type\":\"PropertyValueSpecification\",\"valueRequired\":true,\"valueName\":\"search_term_string\"}}],\"inLanguage\":\"de-DE\"},{\"@type\":\"Organization\",\"@id\":\"https:\\\/\\\/www.villavalfiore.com\\\/de\\\/#organization\",\"name\":\"Relais Villa Valfiore\",\"alternateName\":\"Relais Villa Valfiore\",\"url\":\"https:\\\/\\\/www.villavalfiore.com\\\/de\\\/\",\"logo\":{\"@type\":\"ImageObject\",\"inLanguage\":\"de-DE\",\"@id\":\"https:\\\/\\\/www.villavalfiore.com\\\/de\\\/#\\\/schema\\\/logo\\\/image\\\/\",\"url\":\"https:\\\/\\\/relais-villa-valfiore.ms2.decms.eu\\\/wp-content\\\/uploads\\\/sites\\\/215\\\/2025\\\/02\\\/logo-chiaro-stelleoro-454x118-1.png\",\"contentUrl\":\"https:\\\/\\\/relais-villa-valfiore.ms2.decms.eu\\\/wp-content\\\/uploads\\\/sites\\\/215\\\/2025\\\/02\\\/logo-chiaro-stelleoro-454x118-1.png\",\"width\":454,\"height\":118,\"caption\":\"Relais Villa Valfiore\"},\"image\":{\"@id\":\"https:\\\/\\\/www.villavalfiore.com\\\/de\\\/#\\\/schema\\\/logo\\\/image\\\/\"},\"sameAs\":[\"https:\\\/\\\/it-it.facebook.com\\\/pages\\\/Relais-Villa-Valfiore\\\/130037933735857\",\"https:\\\/\\\/www.youtube.com\\\/embed\\\/29W4FcimryE\"]}]}<\/script>\n<!-- \/ Yoast SEO plugin. -->","yoast_head_json":{"title":"Willkommen im Relais Villa Valfiore &#8212; Relais Villa Valfiore","description":"Hier entsteht Villa Valfiore, eine Residenz in einem Jahrhunderte alten Park und einer landschaftlich sch\u00f6nen Ruhelage, zugleich aber am Rande der mittelalterlichen Stadt Bologna mit ihren strategischen Infrastrukturen wie z.B. dem Messegel\u00e4nde und dem Flughafen.  Die Residenz ist komplett renoviert, hat aber ihr urspr\u00fcngliches Aussehen beibehalten.  Bei der Renovierung wurde Wert auf jedes Detail gelegt, auf die harmonische Abstimmung der Materialien und Ausstattung, angefangen von den Fu\u00dfb\u00f6den \u00fcber die Beleuchtung bis hin zur Auswahl der Farben der Stoffe.  Vom gro\u00dfen unterirdischen Parkplatz gelangt man direkt zur Villa und den anderen Strukturen, sodass die Sch\u00f6nheit des mediterranen Gartens nicht beeintr\u00e4chtigt wird","robots":{"index":"index","follow":"follow","max-snippet":"max-snippet:-1","max-image-preview":"max-image-preview:large","max-video-preview":"max-video-preview:-1"},"canonical":"https:\/\/www.villavalfiore.com\/de\/","og_locale":"de_DE","og_type":"article","og_title":"Willkommen im Relais Villa Valfiore &#8212; Relais Villa Valfiore","og_description":"Hier entsteht Villa Valfiore, eine Residenz in einem Jahrhunderte alten Park und einer landschaftlich sch\u00f6nen Ruhelage, zugleich aber am Rande der mittelalterlichen Stadt Bologna mit ihren strategischen Infrastrukturen wie z.B. dem Messegel\u00e4nde und dem Flughafen.  Die Residenz ist komplett renoviert, hat aber ihr urspr\u00fcngliches Aussehen beibehalten.  Bei der Renovierung wurde Wert auf jedes Detail gelegt, auf die harmonische Abstimmung der Materialien und Ausstattung, angefangen von den Fu\u00dfb\u00f6den \u00fcber die Beleuchtung bis hin zur Auswahl der Farben der Stoffe.  Vom gro\u00dfen unterirdischen Parkplatz gelangt man direkt zur Villa und den anderen Strukturen, sodass die Sch\u00f6nheit des mediterranen Gartens nicht beeintr\u00e4chtigt wird","og_url":"https:\/\/www.villavalfiore.com\/de\/","og_site_name":"Relais Villa Valfiore","article_publisher":"https:\/\/it-it.facebook.com\/pages\/Relais-Villa-Valfiore\/130037933735857","article_modified_time":"2025-06-13T13:29:46+00:00","og_image":[{"width":1905,"height":945,"url":"https:\/\/www.villavalfiore.com\/wp-content\/uploads\/sites\/215\/2025\/03\/VVF-Front-Serasl3.jpg","type":"image\/jpeg"}],"twitter_card":"summary_large_image","twitter_misc":{"Gesch\u00e4tzte Lesezeit":"1 Minute"},"schema":{"@context":"https:\/\/schema.org","@graph":[{"@type":"WebPage","@id":"https:\/\/www.villavalfiore.com\/de\/","url":"https:\/\/www.villavalfiore.com\/de\/","name":"Willkommen im Relais Villa Valfiore &#8212; Relais Villa Valfiore","isPartOf":{"@id":"https:\/\/www.villavalfiore.com\/de\/#website"},"datePublished":"2025-02-17T11:17:23+00:00","dateModified":"2025-06-13T13:29:46+00:00","description":"Hier entsteht Villa Valfiore, eine Residenz in einem Jahrhunderte alten Park und einer landschaftlich sch\u00f6nen Ruhelage, zugleich aber am Rande der mittelalterlichen Stadt Bologna mit ihren strategischen Infrastrukturen wie z.B. dem Messegel\u00e4nde und dem Flughafen. Die Residenz ist komplett renoviert, hat aber ihr urspr\u00fcngliches Aussehen beibehalten. Bei der Renovierung wurde Wert auf jedes Detail gelegt, auf die harmonische Abstimmung der Materialien und Ausstattung, angefangen von den Fu\u00dfb\u00f6den \u00fcber die Beleuchtung bis hin zur Auswahl der Farben der Stoffe. Vom gro\u00dfen unterirdischen Parkplatz gelangt man direkt zur Villa und den anderen Strukturen, sodass die Sch\u00f6nheit des mediterranen Gartens nicht beeintr\u00e4chtigt wird","breadcrumb":{"@id":"https:\/\/www.villavalfiore.com\/de\/#breadcrumb"},"inLanguage":"de-DE","potentialAction":[{"@type":"ReadAction","target":["https:\/\/www.villavalfiore.com\/de\/"]}]},{"@type":"BreadcrumbList","@id":"https:\/\/www.villavalfiore.com\/de\/#breadcrumb","itemListElement":[{"@type":"ListItem","position":1,"name":"Home","item":"https:\/\/www.villavalfiore.com\/de\/"},{"@type":"ListItem","position":2,"name":"Willkommen im Relais Villa Valfiore"}]},{"@type":"WebSite","@id":"https:\/\/www.villavalfiore.com\/de\/#website","url":"https:\/\/www.villavalfiore.com\/de\/","name":"Relais Villa Valfiore","description":"Relais Villa Valfiore  in San Lazzaro di Savena (BO) - Book a relais hotel just a few minutes away from the heart of Bologna","publisher":{"@id":"https:\/\/www.villavalfiore.com\/de\/#organization"},"alternateName":"Villa Valfiore Relais","potentialAction":[{"@type":"SearchAction","target":{"@type":"EntryPoint","urlTemplate":"https:\/\/www.villavalfiore.com\/de\/?s={search_term_string}"},"query-input":{"@type":"PropertyValueSpecification","valueRequired":true,"valueName":"search_term_string"}}],"inLanguage":"de-DE"},{"@type":"Organization","@id":"https:\/\/www.villavalfiore.com\/de\/#organization","name":"Relais Villa Valfiore","alternateName":"Relais Villa Valfiore","url":"https:\/\/www.villavalfiore.com\/de\/","logo":{"@type":"ImageObject","inLanguage":"de-DE","@id":"https:\/\/www.villavalfiore.com\/de\/#\/schema\/logo\/image\/","url":"https:\/\/relais-villa-valfiore.ms2.decms.eu\/wp-content\/uploads\/sites\/215\/2025\/02\/logo-chiaro-stelleoro-454x118-1.png","contentUrl":"https:\/\/relais-villa-valfiore.ms2.decms.eu\/wp-content\/uploads\/sites\/215\/2025\/02\/logo-chiaro-stelleoro-454x118-1.png","width":454,"height":118,"caption":"Relais Villa Valfiore"},"image":{"@id":"https:\/\/www.villavalfiore.com\/de\/#\/schema\/logo\/image\/"},"sameAs":["https:\/\/it-it.facebook.com\/pages\/Relais-Villa-Valfiore\/130037933735857","https:\/\/www.youtube.com\/embed\/29W4FcimryE"]}]}},"acf":[],"_links":{"self":[{"href":"https:\/\/www.villavalfiore.com\/de\/wp-json\/wp\/v2\/pages\/523","targetHints":{"allow":["GET"]}}],"collection":[{"href":"https:\/\/www.villavalfiore.com\/de\/wp-json\/wp\/v2\/pages"}],"about":[{"href":"https:\/\/www.villavalfiore.com\/de\/wp-json\/wp\/v2\/types\/page"}],"author":[{"embeddable":true,"href":"https:\/\/www.villavalfiore.com\/de\/wp-json\/wp\/v2\/users\/12"}],"replies":[{"embeddable":true,"href":"https:\/\/www.villavalfiore.com\/de\/wp-json\/wp\/v2\/comments?post=523"}],"version-history":[{"count":0,"href":"https:\/\/www.villavalfiore.com\/de\/wp-json\/wp\/v2\/pages\/523\/revisions"}],"wp:attachment":[{"href":"https:\/\/www.villavalfiore.com\/de\/wp-json\/wp\/v2\/media?parent=523"}],"curies":[{"name":"wp","href":"https:\/\/api.w.org\/{rel}","templated":true}]}}