{"id":539,"date":"2025-02-28T16:44:56","date_gmt":"2025-02-28T16:44:56","guid":{"rendered":"https:\/\/relais-villa-valfiore.ms2.decms.eu\/centro-benessere\/"},"modified":"2025-06-16T10:07:39","modified_gmt":"2025-06-16T10:07:39","slug":"wellness-zentrums","status":"publish","type":"page","link":"https:\/\/www.villavalfiore.com\/de\/wellness-zentrums\/","title":{"rendered":"Wellness-Zentrums"},"content":{"rendered":"<p>Der Bereich wurde mit besonderem Augenmerk auf eine komplette remise-en-form geplant und stellt zwei Kabinen f\u00fcr Massage und K\u00f6rperpflege und einen Bereich zur Entspannung mit ged\u00e4mpftem Licht und angenehmer Atmosph\u00e4re zur Verf\u00fcgung.<\/p>\n<p>Die G\u00e4ste k\u00f6nnen den Stress in der komplett aus Holz gebauten finnischen Sauna loswerden, wo es nach \u00e4therischen \u00d6len und Balsam duftet.<\/p>\n<p>Sie k\u00f6nnen vorher im Pool schwimmen oder sich einfach ein wenig Zeit f\u00fcr sich selbst nehmen und sich verw\u00f6hnen lassen.<\/p>\n<p>Sie k\u00f6nnen auch die Chromo- und Aromatherapie-Dusche verwenden, wo nat\u00fcrliche Duftstoffe mit den Wassertropfen zerst\u00e4ubt werden, um die Haut mit Feuchtigkeit zu versorgen.<\/p>\n","protected":false},"excerpt":{"rendered":"<p>Der Bereich wurde mit besonderem Augenmerk auf eine komplette remise-en-form geplant und stellt zwei Kabinen f\u00fcr Massage und K\u00f6rperpflege und einen Bereich zur Entspannung mit ged\u00e4mpftem Licht und angenehmer Atmosph\u00e4re zur Verf\u00fcgung. Die G\u00e4ste k\u00f6nnen den Stress in der komplett aus Holz gebauten finnischen Sauna loswerden, wo es nach \u00e4therischen \u00d6len und Balsam duftet. Sie [&hellip;]<\/p>\n","protected":false},"author":12,"featured_media":0,"parent":0,"menu_order":130,"comment_status":"closed","ping_status":"closed","template":"template-spa.php","meta":{"footnotes":""},"class_list":["post-539","page","type-page","status-publish","hentry"],"yoast_head":"<!-- This site is optimized with the Yoast SEO plugin v27.3 - https:\/\/yoast.com\/product\/yoast-seo-wordpress\/ -->\n<title>Wellness-Zentrums &#8212; Relais Villa Valfiore<\/title>\n<meta name=\"description\" content=\"Der Bereich wurde mit besonderem Augenmerk auf eine komplette remise-en-form geplant und stellt zwei Kabinen f\u00fcr Massage und K\u00f6rperpflege und einen Bereich zur Entspannung mit ged\u00e4mpftem Licht und angenehmer Atmosph\u00e4re zur Verf\u00fcgung.  Die G\u00e4ste k\u00f6nnen den Stress in der komplett aus Holz gebauten finnischen Sauna loswerden, wo es nach \u00e4therischen \u00d6len und Balsam duftet.  Sie k\u00f6nnen vorher im Pool schwimmen oder sich einfach ein wenig Zeit f\u00fcr sich selbst nehmen und sich verw\u00f6hnen lassen.  Sie k\u00f6nnen auch die Chromo- und Aromatherapie-Dusche verwenden, wo nat\u00fcrliche Duftstoffe mit den Wassertropfen zerst\u00e4ubt werden, um die Haut mit Feuchtigkeit zu versorgen..\" \/>\n<meta name=\"robots\" content=\"index, follow, max-snippet:-1, max-image-preview:large, max-video-preview:-1\" \/>\n<link rel=\"canonical\" href=\"https:\/\/www.villavalfiore.com\/de\/wellness-zentrums\/\" \/>\n<meta property=\"og:locale\" content=\"de_DE\" \/>\n<meta property=\"og:type\" content=\"article\" \/>\n<meta property=\"og:title\" content=\"Wellness-Zentrums &#8212; Relais Villa Valfiore\" \/>\n<meta property=\"og:description\" content=\"Der Bereich wurde mit besonderem Augenmerk auf eine komplette remise-en-form geplant und stellt zwei Kabinen f\u00fcr Massage und K\u00f6rperpflege und einen Bereich zur Entspannung mit ged\u00e4mpftem Licht und angenehmer Atmosph\u00e4re zur Verf\u00fcgung.  Die G\u00e4ste k\u00f6nnen den Stress in der komplett aus Holz gebauten finnischen Sauna loswerden, wo es nach \u00e4therischen \u00d6len und Balsam duftet.  Sie k\u00f6nnen vorher im Pool schwimmen oder sich einfach ein wenig Zeit f\u00fcr sich selbst nehmen und sich verw\u00f6hnen lassen.  Sie k\u00f6nnen auch die Chromo- und Aromatherapie-Dusche verwenden, wo nat\u00fcrliche Duftstoffe mit den Wassertropfen zerst\u00e4ubt werden, um die Haut mit Feuchtigkeit zu versorgen..\" \/>\n<meta property=\"og:url\" content=\"https:\/\/www.villavalfiore.com\/de\/wellness-zentrums\/\" \/>\n<meta property=\"og:site_name\" content=\"Relais Villa Valfiore\" \/>\n<meta property=\"article:publisher\" content=\"https:\/\/it-it.facebook.com\/pages\/Relais-Villa-Valfiore\/130037933735857\" \/>\n<meta property=\"article:modified_time\" content=\"2025-06-16T10:07:39+00:00\" \/>\n<meta property=\"og:image\" content=\"https:\/\/www.villavalfiore.com\/wp-content\/uploads\/sites\/215\/2025\/03\/VVF-Front-Serasl3.jpg\" \/>\n\t<meta property=\"og:image:width\" content=\"1905\" \/>\n\t<meta property=\"og:image:height\" content=\"945\" \/>\n\t<meta property=\"og:image:type\" content=\"image\/jpeg\" \/>\n<meta name=\"twitter:card\" content=\"summary_large_image\" \/>\n<meta name=\"twitter:label1\" content=\"Gesch\u00e4tzte Lesezeit\" \/>\n\t<meta name=\"twitter:data1\" content=\"1 Minute\" \/>\n<script type=\"application\/ld+json\" class=\"yoast-schema-graph\">{\"@context\":\"https:\\\/\\\/schema.org\",\"@graph\":[{\"@type\":\"WebPage\",\"@id\":\"https:\\\/\\\/www.villavalfiore.com\\\/de\\\/wellness-zentrums\\\/\",\"url\":\"https:\\\/\\\/www.villavalfiore.com\\\/de\\\/wellness-zentrums\\\/\",\"name\":\"Wellness-Zentrums &#8212; Relais Villa Valfiore\",\"isPartOf\":{\"@id\":\"https:\\\/\\\/www.villavalfiore.com\\\/de\\\/#website\"},\"datePublished\":\"2025-02-28T16:44:56+00:00\",\"dateModified\":\"2025-06-16T10:07:39+00:00\",\"description\":\"Der Bereich wurde mit besonderem Augenmerk auf eine komplette remise-en-form geplant und stellt zwei Kabinen f\u00fcr Massage und K\u00f6rperpflege und einen Bereich zur Entspannung mit ged\u00e4mpftem Licht und angenehmer Atmosph\u00e4re zur Verf\u00fcgung. Die G\u00e4ste k\u00f6nnen den Stress in der komplett aus Holz gebauten finnischen Sauna loswerden, wo es nach \u00e4therischen \u00d6len und Balsam duftet. Sie k\u00f6nnen vorher im Pool schwimmen oder sich einfach ein wenig Zeit f\u00fcr sich selbst nehmen und sich verw\u00f6hnen lassen. Sie k\u00f6nnen auch die Chromo- und Aromatherapie-Dusche verwenden, wo nat\u00fcrliche Duftstoffe mit den Wassertropfen zerst\u00e4ubt werden, um die Haut mit Feuchtigkeit zu versorgen..\",\"breadcrumb\":{\"@id\":\"https:\\\/\\\/www.villavalfiore.com\\\/de\\\/wellness-zentrums\\\/#breadcrumb\"},\"inLanguage\":\"de-DE\",\"potentialAction\":[{\"@type\":\"ReadAction\",\"target\":[\"https:\\\/\\\/www.villavalfiore.com\\\/de\\\/wellness-zentrums\\\/\"]}]},{\"@type\":\"BreadcrumbList\",\"@id\":\"https:\\\/\\\/www.villavalfiore.com\\\/de\\\/wellness-zentrums\\\/#breadcrumb\",\"itemListElement\":[{\"@type\":\"ListItem\",\"position\":1,\"name\":\"Home\",\"item\":\"https:\\\/\\\/www.villavalfiore.com\\\/de\\\/\"},{\"@type\":\"ListItem\",\"position\":2,\"name\":\"Wellness-Zentrums\"}]},{\"@type\":\"WebSite\",\"@id\":\"https:\\\/\\\/www.villavalfiore.com\\\/de\\\/#website\",\"url\":\"https:\\\/\\\/www.villavalfiore.com\\\/de\\\/\",\"name\":\"Relais Villa Valfiore\",\"description\":\"Relais Villa Valfiore  in San Lazzaro di Savena (BO) - Book a relais hotel just a few minutes away from the heart of Bologna\",\"publisher\":{\"@id\":\"https:\\\/\\\/www.villavalfiore.com\\\/de\\\/#organization\"},\"alternateName\":\"Villa Valfiore Relais\",\"potentialAction\":[{\"@type\":\"SearchAction\",\"target\":{\"@type\":\"EntryPoint\",\"urlTemplate\":\"https:\\\/\\\/www.villavalfiore.com\\\/de\\\/?s={search_term_string}\"},\"query-input\":{\"@type\":\"PropertyValueSpecification\",\"valueRequired\":true,\"valueName\":\"search_term_string\"}}],\"inLanguage\":\"de-DE\"},{\"@type\":\"Organization\",\"@id\":\"https:\\\/\\\/www.villavalfiore.com\\\/de\\\/#organization\",\"name\":\"Relais Villa Valfiore\",\"alternateName\":\"Relais Villa Valfiore\",\"url\":\"https:\\\/\\\/www.villavalfiore.com\\\/de\\\/\",\"logo\":{\"@type\":\"ImageObject\",\"inLanguage\":\"de-DE\",\"@id\":\"https:\\\/\\\/www.villavalfiore.com\\\/de\\\/#\\\/schema\\\/logo\\\/image\\\/\",\"url\":\"https:\\\/\\\/relais-villa-valfiore.ms2.decms.eu\\\/wp-content\\\/uploads\\\/sites\\\/215\\\/2025\\\/02\\\/logo-chiaro-stelleoro-454x118-1.png\",\"contentUrl\":\"https:\\\/\\\/relais-villa-valfiore.ms2.decms.eu\\\/wp-content\\\/uploads\\\/sites\\\/215\\\/2025\\\/02\\\/logo-chiaro-stelleoro-454x118-1.png\",\"width\":454,\"height\":118,\"caption\":\"Relais Villa Valfiore\"},\"image\":{\"@id\":\"https:\\\/\\\/www.villavalfiore.com\\\/de\\\/#\\\/schema\\\/logo\\\/image\\\/\"},\"sameAs\":[\"https:\\\/\\\/it-it.facebook.com\\\/pages\\\/Relais-Villa-Valfiore\\\/130037933735857\",\"https:\\\/\\\/www.youtube.com\\\/embed\\\/29W4FcimryE\"]}]}<\/script>\n<!-- \/ Yoast SEO plugin. -->","yoast_head_json":{"title":"Wellness-Zentrums &#8212; Relais Villa Valfiore","description":"Der Bereich wurde mit besonderem Augenmerk auf eine komplette remise-en-form geplant und stellt zwei Kabinen f\u00fcr Massage und K\u00f6rperpflege und einen Bereich zur Entspannung mit ged\u00e4mpftem Licht und angenehmer Atmosph\u00e4re zur Verf\u00fcgung.  Die G\u00e4ste k\u00f6nnen den Stress in der komplett aus Holz gebauten finnischen Sauna loswerden, wo es nach \u00e4therischen \u00d6len und Balsam duftet.  Sie k\u00f6nnen vorher im Pool schwimmen oder sich einfach ein wenig Zeit f\u00fcr sich selbst nehmen und sich verw\u00f6hnen lassen.  Sie k\u00f6nnen auch die Chromo- und Aromatherapie-Dusche verwenden, wo nat\u00fcrliche Duftstoffe mit den Wassertropfen zerst\u00e4ubt werden, um die Haut mit Feuchtigkeit zu versorgen..","robots":{"index":"index","follow":"follow","max-snippet":"max-snippet:-1","max-image-preview":"max-image-preview:large","max-video-preview":"max-video-preview:-1"},"canonical":"https:\/\/www.villavalfiore.com\/de\/wellness-zentrums\/","og_locale":"de_DE","og_type":"article","og_title":"Wellness-Zentrums &#8212; Relais Villa Valfiore","og_description":"Der Bereich wurde mit besonderem Augenmerk auf eine komplette remise-en-form geplant und stellt zwei Kabinen f\u00fcr Massage und K\u00f6rperpflege und einen Bereich zur Entspannung mit ged\u00e4mpftem Licht und angenehmer Atmosph\u00e4re zur Verf\u00fcgung.  Die G\u00e4ste k\u00f6nnen den Stress in der komplett aus Holz gebauten finnischen Sauna loswerden, wo es nach \u00e4therischen \u00d6len und Balsam duftet.  Sie k\u00f6nnen vorher im Pool schwimmen oder sich einfach ein wenig Zeit f\u00fcr sich selbst nehmen und sich verw\u00f6hnen lassen.  Sie k\u00f6nnen auch die Chromo- und Aromatherapie-Dusche verwenden, wo nat\u00fcrliche Duftstoffe mit den Wassertropfen zerst\u00e4ubt werden, um die Haut mit Feuchtigkeit zu versorgen..","og_url":"https:\/\/www.villavalfiore.com\/de\/wellness-zentrums\/","og_site_name":"Relais Villa Valfiore","article_publisher":"https:\/\/it-it.facebook.com\/pages\/Relais-Villa-Valfiore\/130037933735857","article_modified_time":"2025-06-16T10:07:39+00:00","og_image":[{"width":1905,"height":945,"url":"https:\/\/www.villavalfiore.com\/wp-content\/uploads\/sites\/215\/2025\/03\/VVF-Front-Serasl3.jpg","type":"image\/jpeg"}],"twitter_card":"summary_large_image","twitter_misc":{"Gesch\u00e4tzte Lesezeit":"1 Minute"},"schema":{"@context":"https:\/\/schema.org","@graph":[{"@type":"WebPage","@id":"https:\/\/www.villavalfiore.com\/de\/wellness-zentrums\/","url":"https:\/\/www.villavalfiore.com\/de\/wellness-zentrums\/","name":"Wellness-Zentrums &#8212; Relais Villa Valfiore","isPartOf":{"@id":"https:\/\/www.villavalfiore.com\/de\/#website"},"datePublished":"2025-02-28T16:44:56+00:00","dateModified":"2025-06-16T10:07:39+00:00","description":"Der Bereich wurde mit besonderem Augenmerk auf eine komplette remise-en-form geplant und stellt zwei Kabinen f\u00fcr Massage und K\u00f6rperpflege und einen Bereich zur Entspannung mit ged\u00e4mpftem Licht und angenehmer Atmosph\u00e4re zur Verf\u00fcgung. Die G\u00e4ste k\u00f6nnen den Stress in der komplett aus Holz gebauten finnischen Sauna loswerden, wo es nach \u00e4therischen \u00d6len und Balsam duftet. Sie k\u00f6nnen vorher im Pool schwimmen oder sich einfach ein wenig Zeit f\u00fcr sich selbst nehmen und sich verw\u00f6hnen lassen. Sie k\u00f6nnen auch die Chromo- und Aromatherapie-Dusche verwenden, wo nat\u00fcrliche Duftstoffe mit den Wassertropfen zerst\u00e4ubt werden, um die Haut mit Feuchtigkeit zu versorgen..","breadcrumb":{"@id":"https:\/\/www.villavalfiore.com\/de\/wellness-zentrums\/#breadcrumb"},"inLanguage":"de-DE","potentialAction":[{"@type":"ReadAction","target":["https:\/\/www.villavalfiore.com\/de\/wellness-zentrums\/"]}]},{"@type":"BreadcrumbList","@id":"https:\/\/www.villavalfiore.com\/de\/wellness-zentrums\/#breadcrumb","itemListElement":[{"@type":"ListItem","position":1,"name":"Home","item":"https:\/\/www.villavalfiore.com\/de\/"},{"@type":"ListItem","position":2,"name":"Wellness-Zentrums"}]},{"@type":"WebSite","@id":"https:\/\/www.villavalfiore.com\/de\/#website","url":"https:\/\/www.villavalfiore.com\/de\/","name":"Relais Villa Valfiore","description":"Relais Villa Valfiore  in San Lazzaro di Savena (BO) - Book a relais hotel just a few minutes away from the heart of Bologna","publisher":{"@id":"https:\/\/www.villavalfiore.com\/de\/#organization"},"alternateName":"Villa Valfiore Relais","potentialAction":[{"@type":"SearchAction","target":{"@type":"EntryPoint","urlTemplate":"https:\/\/www.villavalfiore.com\/de\/?s={search_term_string}"},"query-input":{"@type":"PropertyValueSpecification","valueRequired":true,"valueName":"search_term_string"}}],"inLanguage":"de-DE"},{"@type":"Organization","@id":"https:\/\/www.villavalfiore.com\/de\/#organization","name":"Relais Villa Valfiore","alternateName":"Relais Villa Valfiore","url":"https:\/\/www.villavalfiore.com\/de\/","logo":{"@type":"ImageObject","inLanguage":"de-DE","@id":"https:\/\/www.villavalfiore.com\/de\/#\/schema\/logo\/image\/","url":"https:\/\/relais-villa-valfiore.ms2.decms.eu\/wp-content\/uploads\/sites\/215\/2025\/02\/logo-chiaro-stelleoro-454x118-1.png","contentUrl":"https:\/\/relais-villa-valfiore.ms2.decms.eu\/wp-content\/uploads\/sites\/215\/2025\/02\/logo-chiaro-stelleoro-454x118-1.png","width":454,"height":118,"caption":"Relais Villa Valfiore"},"image":{"@id":"https:\/\/www.villavalfiore.com\/de\/#\/schema\/logo\/image\/"},"sameAs":["https:\/\/it-it.facebook.com\/pages\/Relais-Villa-Valfiore\/130037933735857","https:\/\/www.youtube.com\/embed\/29W4FcimryE"]}]}},"acf":[],"_links":{"self":[{"href":"https:\/\/www.villavalfiore.com\/de\/wp-json\/wp\/v2\/pages\/539","targetHints":{"allow":["GET"]}}],"collection":[{"href":"https:\/\/www.villavalfiore.com\/de\/wp-json\/wp\/v2\/pages"}],"about":[{"href":"https:\/\/www.villavalfiore.com\/de\/wp-json\/wp\/v2\/types\/page"}],"author":[{"embeddable":true,"href":"https:\/\/www.villavalfiore.com\/de\/wp-json\/wp\/v2\/users\/12"}],"replies":[{"embeddable":true,"href":"https:\/\/www.villavalfiore.com\/de\/wp-json\/wp\/v2\/comments?post=539"}],"version-history":[{"count":0,"href":"https:\/\/www.villavalfiore.com\/de\/wp-json\/wp\/v2\/pages\/539\/revisions"}],"wp:attachment":[{"href":"https:\/\/www.villavalfiore.com\/de\/wp-json\/wp\/v2\/media?parent=539"}],"curies":[{"name":"wp","href":"https:\/\/api.w.org\/{rel}","templated":true}]}}