{"id":571,"date":"2025-02-24T10:21:08","date_gmt":"2025-02-24T10:21:08","guid":{"rendered":"https:\/\/relais-villa-valfiore.ms2.decms.eu\/sala-riunioni\/sala-degli-ulivi\/"},"modified":"2025-06-16T15:26:41","modified_gmt":"2025-06-16T15:26:41","slug":"sala-degli-ulivi","status":"publish","type":"page","link":"https:\/\/www.villavalfiore.com\/de\/tagungsraeume\/sala-degli-ulivi\/","title":{"rendered":"Sala degli Ulivi"},"content":{"rendered":"<p data-start=\"129\" data-end=\"145\"><strong data-start=\"129\" data-end=\"145\">Ausstattung:<\/strong><\/p>\n<ul data-start=\"147\" data-end=\"412\">\n<li data-start=\"147\" data-end=\"253\">\n<p data-start=\"149\" data-end=\"253\">Deckenmontierter Beamer (2200 Lumen, Format 16:9, hoher Kontrast 35.000:1) mit HDMI- und VGA-Anschluss<\/p>\n<\/li>\n<li data-start=\"254\" data-end=\"295\">\n<p data-start=\"256\" data-end=\"295\">Verschiebbare Leinwand (300 \u00d7 170 cm)<\/p>\n<\/li>\n<li data-start=\"296\" data-end=\"309\">\n<p data-start=\"298\" data-end=\"309\">Flipchart<\/p>\n<\/li>\n<li data-start=\"310\" data-end=\"342\">\n<p data-start=\"312\" data-end=\"342\">WLAN- und LAN-Internetzugang<\/p>\n<\/li>\n<li data-start=\"343\" data-end=\"373\">\n<p data-start=\"345\" data-end=\"373\">Audio- und DVD-Videosystem<\/p>\n<\/li>\n<li data-start=\"374\" data-end=\"387\">\n<p data-start=\"376\" data-end=\"387\">Mikrofone<\/p>\n<\/li>\n<li data-start=\"388\" data-end=\"412\">\n<p data-start=\"390\" data-end=\"412\">Tageslicht vorhanden<\/p>\n<\/li>\n<\/ul>\n<p data-start=\"414\" data-end=\"429\"><strong data-start=\"414\" data-end=\"429\">M\u00f6blierung:<\/strong><\/p>\n<ul data-start=\"431\" data-end=\"504\">\n<li data-start=\"431\" data-end=\"504\">\n<p data-start=\"433\" data-end=\"504\">Theaterbestuhlung f\u00fcr maximal 110 Personen oder nach Wunsch angepasst<\/p>\n<\/li>\n<\/ul>\n<p data-start=\"506\" data-end=\"518\"><strong data-start=\"506\" data-end=\"518\">Details:<\/strong><\/p>\n<ul data-start=\"520\" data-end=\"555\">\n<li data-start=\"520\" data-end=\"538\">\n<p data-start=\"522\" data-end=\"538\">Fl\u00e4che: 135 m\u00b2<\/p>\n<\/li>\n<li data-start=\"539\" data-end=\"555\">\n<p data-start=\"541\" data-end=\"555\">H\u00f6he: 2,70 m<\/p>\n<\/li>\n<\/ul>\n","protected":false},"excerpt":{"rendered":"<p>Ausstattung: Deckenmontierter Beamer (2200 Lumen, Format 16:9, hoher Kontrast 35.000:1) mit HDMI- und VGA-Anschluss Verschiebbare Leinwand (300 \u00d7 170 cm) Flipchart WLAN- und LAN-Internetzugang Audio- und DVD-Videosystem Mikrofone Tageslicht vorhanden M\u00f6blierung: Theaterbestuhlung f\u00fcr maximal 110 Personen oder nach Wunsch angepasst Details: Fl\u00e4che: 135 m\u00b2 H\u00f6he: 2,70 m<\/p>\n","protected":false},"author":12,"featured_media":0,"parent":528,"menu_order":51,"comment_status":"closed","ping_status":"closed","template":"template-default-2.php","meta":{"footnotes":""},"class_list":["post-571","page","type-page","status-publish","hentry"],"yoast_head":"<!-- This site is optimized with the Yoast SEO plugin v27.3 - https:\/\/yoast.com\/product\/yoast-seo-wordpress\/ -->\n<title>Sala degli Ulivi &#8212; Relais Villa Valfiore<\/title>\n<meta name=\"description\" content=\"Ausstattung:     Deckenmontierter Beamer (2200 Lumen, Format 16:9, hoher Kontrast 35.000:1) mit HDMI- und VGA-Anschluss    Verschiebbare Leinwand (300 \u00d7 170 cm)    Flipchart    WLAN- und LAN-Internetzugang    Audio- und DVD-Videosystem    Mikrofone    Tageslicht vorhanden   M\u00f6blierung:     Theaterbestuhlung f\u00fcr maximal 110 Personen oder nach Wunsch angepasst   Details:     Fl\u00e4che: 135 m\u00b2    H\u00f6he: 2,70 m  .\" \/>\n<meta name=\"robots\" content=\"index, follow, max-snippet:-1, max-image-preview:large, max-video-preview:-1\" \/>\n<link rel=\"canonical\" href=\"https:\/\/www.villavalfiore.com\/de\/tagungsraeume\/sala-degli-ulivi\/\" \/>\n<meta property=\"og:locale\" content=\"de_DE\" \/>\n<meta property=\"og:type\" content=\"article\" \/>\n<meta property=\"og:title\" content=\"Sala degli Ulivi &#8212; Relais Villa Valfiore\" \/>\n<meta property=\"og:description\" content=\"Ausstattung:     Deckenmontierter Beamer (2200 Lumen, Format 16:9, hoher Kontrast 35.000:1) mit HDMI- und VGA-Anschluss    Verschiebbare Leinwand (300 \u00d7 170 cm)    Flipchart    WLAN- und LAN-Internetzugang    Audio- und DVD-Videosystem    Mikrofone    Tageslicht vorhanden   M\u00f6blierung:     Theaterbestuhlung f\u00fcr maximal 110 Personen oder nach Wunsch angepasst   Details:     Fl\u00e4che: 135 m\u00b2    H\u00f6he: 2,70 m  .\" \/>\n<meta property=\"og:url\" content=\"https:\/\/www.villavalfiore.com\/de\/tagungsraeume\/sala-degli-ulivi\/\" \/>\n<meta property=\"og:site_name\" content=\"Relais Villa Valfiore\" \/>\n<meta property=\"article:publisher\" content=\"https:\/\/it-it.facebook.com\/pages\/Relais-Villa-Valfiore\/130037933735857\" \/>\n<meta property=\"article:modified_time\" content=\"2025-06-16T15:26:41+00:00\" \/>\n<meta property=\"og:image\" content=\"https:\/\/www.villavalfiore.com\/wp-content\/uploads\/sites\/215\/2025\/03\/VVF-Front-Serasl3.jpg\" \/>\n\t<meta property=\"og:image:width\" content=\"1905\" \/>\n\t<meta property=\"og:image:height\" content=\"945\" \/>\n\t<meta property=\"og:image:type\" content=\"image\/jpeg\" \/>\n<meta name=\"twitter:card\" content=\"summary_large_image\" \/>\n<meta name=\"twitter:label1\" content=\"Gesch\u00e4tzte Lesezeit\" \/>\n\t<meta name=\"twitter:data1\" content=\"1 Minute\" \/>\n<script type=\"application\/ld+json\" class=\"yoast-schema-graph\">{\"@context\":\"https:\\\/\\\/schema.org\",\"@graph\":[{\"@type\":\"WebPage\",\"@id\":\"https:\\\/\\\/www.villavalfiore.com\\\/de\\\/tagungsraeume\\\/sala-degli-ulivi\\\/\",\"url\":\"https:\\\/\\\/www.villavalfiore.com\\\/de\\\/tagungsraeume\\\/sala-degli-ulivi\\\/\",\"name\":\"Sala degli Ulivi &#8212; Relais Villa Valfiore\",\"isPartOf\":{\"@id\":\"https:\\\/\\\/www.villavalfiore.com\\\/de\\\/#website\"},\"datePublished\":\"2025-02-24T10:21:08+00:00\",\"dateModified\":\"2025-06-16T15:26:41+00:00\",\"description\":\"Ausstattung: \u2022 Deckenmontierter Beamer (2200 Lumen, Format 16:9, hoher Kontrast 35.000:1) mit HDMI- und VGA-Anschluss \u2022 Verschiebbare Leinwand (300 \u00d7 170 cm) \u2022 Flipchart \u2022 WLAN- und LAN-Internetzugang \u2022 Audio- und DVD-Videosystem \u2022 Mikrofone \u2022 Tageslicht vorhanden M\u00f6blierung: \u2022 Theaterbestuhlung f\u00fcr maximal 110 Personen oder nach Wunsch angepasst Details: \u2022 Fl\u00e4che: 135 m\u00b2 \u2022 H\u00f6he: 2,70 m .\",\"breadcrumb\":{\"@id\":\"https:\\\/\\\/www.villavalfiore.com\\\/de\\\/tagungsraeume\\\/sala-degli-ulivi\\\/#breadcrumb\"},\"inLanguage\":\"de-DE\",\"potentialAction\":[{\"@type\":\"ReadAction\",\"target\":[\"https:\\\/\\\/www.villavalfiore.com\\\/de\\\/tagungsraeume\\\/sala-degli-ulivi\\\/\"]}]},{\"@type\":\"BreadcrumbList\",\"@id\":\"https:\\\/\\\/www.villavalfiore.com\\\/de\\\/tagungsraeume\\\/sala-degli-ulivi\\\/#breadcrumb\",\"itemListElement\":[{\"@type\":\"ListItem\",\"position\":1,\"name\":\"Home\",\"item\":\"https:\\\/\\\/www.villavalfiore.com\\\/de\\\/\"},{\"@type\":\"ListItem\",\"position\":2,\"name\":\"Tagungsraeume\",\"item\":\"https:\\\/\\\/www.villavalfiore.com\\\/de\\\/tagungsraeume\\\/\"},{\"@type\":\"ListItem\",\"position\":3,\"name\":\"Sala degli Ulivi\"}]},{\"@type\":\"WebSite\",\"@id\":\"https:\\\/\\\/www.villavalfiore.com\\\/de\\\/#website\",\"url\":\"https:\\\/\\\/www.villavalfiore.com\\\/de\\\/\",\"name\":\"Relais Villa Valfiore\",\"description\":\"Relais Villa Valfiore  in San Lazzaro di Savena (BO) - Book a relais hotel just a few minutes away from the heart of Bologna\",\"publisher\":{\"@id\":\"https:\\\/\\\/www.villavalfiore.com\\\/de\\\/#organization\"},\"alternateName\":\"Villa Valfiore Relais\",\"potentialAction\":[{\"@type\":\"SearchAction\",\"target\":{\"@type\":\"EntryPoint\",\"urlTemplate\":\"https:\\\/\\\/www.villavalfiore.com\\\/de\\\/?s={search_term_string}\"},\"query-input\":{\"@type\":\"PropertyValueSpecification\",\"valueRequired\":true,\"valueName\":\"search_term_string\"}}],\"inLanguage\":\"de-DE\"},{\"@type\":\"Organization\",\"@id\":\"https:\\\/\\\/www.villavalfiore.com\\\/de\\\/#organization\",\"name\":\"Relais Villa Valfiore\",\"alternateName\":\"Relais Villa Valfiore\",\"url\":\"https:\\\/\\\/www.villavalfiore.com\\\/de\\\/\",\"logo\":{\"@type\":\"ImageObject\",\"inLanguage\":\"de-DE\",\"@id\":\"https:\\\/\\\/www.villavalfiore.com\\\/de\\\/#\\\/schema\\\/logo\\\/image\\\/\",\"url\":\"https:\\\/\\\/relais-villa-valfiore.ms2.decms.eu\\\/wp-content\\\/uploads\\\/sites\\\/215\\\/2025\\\/02\\\/logo-chiaro-stelleoro-454x118-1.png\",\"contentUrl\":\"https:\\\/\\\/relais-villa-valfiore.ms2.decms.eu\\\/wp-content\\\/uploads\\\/sites\\\/215\\\/2025\\\/02\\\/logo-chiaro-stelleoro-454x118-1.png\",\"width\":454,\"height\":118,\"caption\":\"Relais Villa Valfiore\"},\"image\":{\"@id\":\"https:\\\/\\\/www.villavalfiore.com\\\/de\\\/#\\\/schema\\\/logo\\\/image\\\/\"},\"sameAs\":[\"https:\\\/\\\/it-it.facebook.com\\\/pages\\\/Relais-Villa-Valfiore\\\/130037933735857\",\"https:\\\/\\\/www.youtube.com\\\/embed\\\/29W4FcimryE\"]}]}<\/script>\n<!-- \/ Yoast SEO plugin. -->","yoast_head_json":{"title":"Sala degli Ulivi &#8212; Relais Villa Valfiore","description":"Ausstattung:     Deckenmontierter Beamer (2200 Lumen, Format 16:9, hoher Kontrast 35.000:1) mit HDMI- und VGA-Anschluss    Verschiebbare Leinwand (300 \u00d7 170 cm)    Flipchart    WLAN- und LAN-Internetzugang    Audio- und DVD-Videosystem    Mikrofone    Tageslicht vorhanden   M\u00f6blierung:     Theaterbestuhlung f\u00fcr maximal 110 Personen oder nach Wunsch angepasst   Details:     Fl\u00e4che: 135 m\u00b2    H\u00f6he: 2,70 m  .","robots":{"index":"index","follow":"follow","max-snippet":"max-snippet:-1","max-image-preview":"max-image-preview:large","max-video-preview":"max-video-preview:-1"},"canonical":"https:\/\/www.villavalfiore.com\/de\/tagungsraeume\/sala-degli-ulivi\/","og_locale":"de_DE","og_type":"article","og_title":"Sala degli Ulivi &#8212; Relais Villa Valfiore","og_description":"Ausstattung:     Deckenmontierter Beamer (2200 Lumen, Format 16:9, hoher Kontrast 35.000:1) mit HDMI- und VGA-Anschluss    Verschiebbare Leinwand (300 \u00d7 170 cm)    Flipchart    WLAN- und LAN-Internetzugang    Audio- und DVD-Videosystem    Mikrofone    Tageslicht vorhanden   M\u00f6blierung:     Theaterbestuhlung f\u00fcr maximal 110 Personen oder nach Wunsch angepasst   Details:     Fl\u00e4che: 135 m\u00b2    H\u00f6he: 2,70 m  .","og_url":"https:\/\/www.villavalfiore.com\/de\/tagungsraeume\/sala-degli-ulivi\/","og_site_name":"Relais Villa Valfiore","article_publisher":"https:\/\/it-it.facebook.com\/pages\/Relais-Villa-Valfiore\/130037933735857","article_modified_time":"2025-06-16T15:26:41+00:00","og_image":[{"width":1905,"height":945,"url":"https:\/\/www.villavalfiore.com\/wp-content\/uploads\/sites\/215\/2025\/03\/VVF-Front-Serasl3.jpg","type":"image\/jpeg"}],"twitter_card":"summary_large_image","twitter_misc":{"Gesch\u00e4tzte Lesezeit":"1 Minute"},"schema":{"@context":"https:\/\/schema.org","@graph":[{"@type":"WebPage","@id":"https:\/\/www.villavalfiore.com\/de\/tagungsraeume\/sala-degli-ulivi\/","url":"https:\/\/www.villavalfiore.com\/de\/tagungsraeume\/sala-degli-ulivi\/","name":"Sala degli Ulivi &#8212; Relais Villa Valfiore","isPartOf":{"@id":"https:\/\/www.villavalfiore.com\/de\/#website"},"datePublished":"2025-02-24T10:21:08+00:00","dateModified":"2025-06-16T15:26:41+00:00","description":"Ausstattung: \u2022 Deckenmontierter Beamer (2200 Lumen, Format 16:9, hoher Kontrast 35.000:1) mit HDMI- und VGA-Anschluss \u2022 Verschiebbare Leinwand (300 \u00d7 170 cm) \u2022 Flipchart \u2022 WLAN- und LAN-Internetzugang \u2022 Audio- und DVD-Videosystem \u2022 Mikrofone \u2022 Tageslicht vorhanden M\u00f6blierung: \u2022 Theaterbestuhlung f\u00fcr maximal 110 Personen oder nach Wunsch angepasst Details: \u2022 Fl\u00e4che: 135 m\u00b2 \u2022 H\u00f6he: 2,70 m .","breadcrumb":{"@id":"https:\/\/www.villavalfiore.com\/de\/tagungsraeume\/sala-degli-ulivi\/#breadcrumb"},"inLanguage":"de-DE","potentialAction":[{"@type":"ReadAction","target":["https:\/\/www.villavalfiore.com\/de\/tagungsraeume\/sala-degli-ulivi\/"]}]},{"@type":"BreadcrumbList","@id":"https:\/\/www.villavalfiore.com\/de\/tagungsraeume\/sala-degli-ulivi\/#breadcrumb","itemListElement":[{"@type":"ListItem","position":1,"name":"Home","item":"https:\/\/www.villavalfiore.com\/de\/"},{"@type":"ListItem","position":2,"name":"Tagungsraeume","item":"https:\/\/www.villavalfiore.com\/de\/tagungsraeume\/"},{"@type":"ListItem","position":3,"name":"Sala degli Ulivi"}]},{"@type":"WebSite","@id":"https:\/\/www.villavalfiore.com\/de\/#website","url":"https:\/\/www.villavalfiore.com\/de\/","name":"Relais Villa Valfiore","description":"Relais Villa Valfiore  in San Lazzaro di Savena (BO) - Book a relais hotel just a few minutes away from the heart of Bologna","publisher":{"@id":"https:\/\/www.villavalfiore.com\/de\/#organization"},"alternateName":"Villa Valfiore Relais","potentialAction":[{"@type":"SearchAction","target":{"@type":"EntryPoint","urlTemplate":"https:\/\/www.villavalfiore.com\/de\/?s={search_term_string}"},"query-input":{"@type":"PropertyValueSpecification","valueRequired":true,"valueName":"search_term_string"}}],"inLanguage":"de-DE"},{"@type":"Organization","@id":"https:\/\/www.villavalfiore.com\/de\/#organization","name":"Relais Villa Valfiore","alternateName":"Relais Villa Valfiore","url":"https:\/\/www.villavalfiore.com\/de\/","logo":{"@type":"ImageObject","inLanguage":"de-DE","@id":"https:\/\/www.villavalfiore.com\/de\/#\/schema\/logo\/image\/","url":"https:\/\/relais-villa-valfiore.ms2.decms.eu\/wp-content\/uploads\/sites\/215\/2025\/02\/logo-chiaro-stelleoro-454x118-1.png","contentUrl":"https:\/\/relais-villa-valfiore.ms2.decms.eu\/wp-content\/uploads\/sites\/215\/2025\/02\/logo-chiaro-stelleoro-454x118-1.png","width":454,"height":118,"caption":"Relais Villa Valfiore"},"image":{"@id":"https:\/\/www.villavalfiore.com\/de\/#\/schema\/logo\/image\/"},"sameAs":["https:\/\/it-it.facebook.com\/pages\/Relais-Villa-Valfiore\/130037933735857","https:\/\/www.youtube.com\/embed\/29W4FcimryE"]}]}},"acf":[],"_links":{"self":[{"href":"https:\/\/www.villavalfiore.com\/de\/wp-json\/wp\/v2\/pages\/571","targetHints":{"allow":["GET"]}}],"collection":[{"href":"https:\/\/www.villavalfiore.com\/de\/wp-json\/wp\/v2\/pages"}],"about":[{"href":"https:\/\/www.villavalfiore.com\/de\/wp-json\/wp\/v2\/types\/page"}],"author":[{"embeddable":true,"href":"https:\/\/www.villavalfiore.com\/de\/wp-json\/wp\/v2\/users\/12"}],"replies":[{"embeddable":true,"href":"https:\/\/www.villavalfiore.com\/de\/wp-json\/wp\/v2\/comments?post=571"}],"version-history":[{"count":0,"href":"https:\/\/www.villavalfiore.com\/de\/wp-json\/wp\/v2\/pages\/571\/revisions"}],"up":[{"embeddable":true,"href":"https:\/\/www.villavalfiore.com\/de\/wp-json\/wp\/v2\/pages\/528"}],"wp:attachment":[{"href":"https:\/\/www.villavalfiore.com\/de\/wp-json\/wp\/v2\/media?parent=571"}],"curies":[{"name":"wp","href":"https:\/\/api.w.org\/{rel}","templated":true}]}}